{"id":663,"date":"2025-06-05T10:05:54","date_gmt":"2025-06-05T10:05:54","guid":{"rendered":"https:\/\/cusaggia.es\/producto\/super-espatula-pro-bbq-la-maestra-de-la-parrilla\/"},"modified":"2025-06-14T04:23:53","modified_gmt":"2025-06-14T04:23:53","slug":"super-espatula-pro-bbq-la-maestra-de-la-parrilla","status":"publish","type":"product","link":"https:\/\/cusaggia.es\/en\/producto\/super-espatula-pro-bbq-la-maestra-de-la-parrilla\/","title":{"rendered":"S\u00faper Esp\u00e1tula Pro BBQ &#8211; La Maestra de la Parrilla"},"content":{"rendered":"<p>Esp\u00e1tula de alto calibre para un volteo perfecto de hamburguesas. Ideal para barbacoa o cocina casera.<\/p>\n","protected":false},"excerpt":{"rendered":"<p>Esp\u00e1tula poderosa para hamburguesas perfectas en cada cocci\u00f3n.<\/p>\n","protected":false},"featured_media":560,"comment_status":"open","ping_status":"closed","template":"","meta":{"_acf_changed":false,"iawp_total_views":0},"marca":[57,84],"product_brand":[],"product_cat":[94,95],"product_tag":[103,104,105],"class_list":{"0":"post-663","1":"product","2":"type-product","3":"status-publish","4":"has-post-thumbnail","6":"marca-cusaggia","7":"marca-premium-bbq","8":"product_cat-barbacoa-en","9":"product_cat-cocina-en","10":"product_tag-espatulas-hamburguesas-en","11":"product_tag-herramientas-bbq-en","12":"product_tag-utensilios-cocina-en","14":"first","15":"instock","16":"shipping-taxable","17":"purchasable","18":"product-type-simple"},"acf":[],"yoast_head":"<!-- This site is optimized with the Yoast SEO plugin v27.4 - https:\/\/yoast.com\/product\/yoast-seo-wordpress\/ -->\n<title>S\u00faper Esp\u00e1tula Pro BBQ - La Maestra de la Parrilla - Cusaggia<\/title>\n<meta name=\"robots\" content=\"index, follow, max-snippet:-1, max-image-preview:large, max-video-preview:-1\" \/>\n<link rel=\"canonical\" href=\"https:\/\/cusaggia.es\/en\/producto\/super-espatula-pro-bbq-la-maestra-de-la-parrilla\/\" \/>\n<meta property=\"og:locale\" content=\"en_US\" \/>\n<meta property=\"og:type\" content=\"article\" \/>\n<meta property=\"og:title\" content=\"S\u00faper Esp\u00e1tula Pro BBQ - La Maestra de la Parrilla - Cusaggia\" \/>\n<meta property=\"og:description\" content=\"Esp\u00e1tula poderosa para hamburguesas perfectas en cada cocci\u00f3n.\" \/>\n<meta property=\"og:url\" content=\"https:\/\/cusaggia.es\/en\/producto\/super-espatula-pro-bbq-la-maestra-de-la-parrilla\/\" \/>\n<meta property=\"og:site_name\" content=\"Cusaggia\" \/>\n<meta property=\"article:modified_time\" content=\"2025-06-14T04:23:53+00:00\" \/>\n<meta name=\"twitter:card\" content=\"summary_large_image\" \/>\n<!-- \/ Yoast SEO plugin. -->","yoast_head_json":{"title":"S\u00faper Esp\u00e1tula Pro BBQ - La Maestra de la Parrilla - Cusaggia","robots":{"index":"index","follow":"follow","max-snippet":"max-snippet:-1","max-image-preview":"max-image-preview:large","max-video-preview":"max-video-preview:-1"},"canonical":"https:\/\/cusaggia.es\/en\/producto\/super-espatula-pro-bbq-la-maestra-de-la-parrilla\/","og_locale":"en_US","og_type":"article","og_title":"S\u00faper Esp\u00e1tula Pro BBQ - La Maestra de la Parrilla - Cusaggia","og_description":"Esp\u00e1tula poderosa para hamburguesas perfectas en cada cocci\u00f3n.","og_url":"https:\/\/cusaggia.es\/en\/producto\/super-espatula-pro-bbq-la-maestra-de-la-parrilla\/","og_site_name":"Cusaggia","article_modified_time":"2025-06-14T04:23:53+00:00","twitter_card":"summary_large_image","schema":{"@context":"https:\/\/schema.org","@graph":[{"@type":"WebPage","@id":"https:\/\/cusaggia.es\/en\/producto\/super-espatula-pro-bbq-la-maestra-de-la-parrilla\/","url":"https:\/\/cusaggia.es\/en\/producto\/super-espatula-pro-bbq-la-maestra-de-la-parrilla\/","name":"S\u00faper Esp\u00e1tula Pro BBQ - La Maestra de la Parrilla - Cusaggia","isPartOf":{"@id":"https:\/\/cusaggia.es\/en\/#website"},"primaryImageOfPage":{"@id":"https:\/\/cusaggia.es\/en\/producto\/super-espatula-pro-bbq-la-maestra-de-la-parrilla\/#primaryimage"},"image":{"@id":"https:\/\/cusaggia.es\/en\/producto\/super-espatula-pro-bbq-la-maestra-de-la-parrilla\/#primaryimage"},"thumbnailUrl":"https:\/\/cusaggia.es\/wp-content\/uploads\/2025\/06\/Leonardo_Vision_XL_Imagen_de_una_esptula_robusta_y_metlica_dis_0.jpg","datePublished":"2025-06-05T10:05:54+00:00","dateModified":"2025-06-14T04:23:53+00:00","breadcrumb":{"@id":"https:\/\/cusaggia.es\/en\/producto\/super-espatula-pro-bbq-la-maestra-de-la-parrilla\/#breadcrumb"},"inLanguage":"en-US","potentialAction":[{"@type":"ReadAction","target":["https:\/\/cusaggia.es\/en\/producto\/super-espatula-pro-bbq-la-maestra-de-la-parrilla\/"]}]},{"@type":"ImageObject","inLanguage":"en-US","@id":"https:\/\/cusaggia.es\/en\/producto\/super-espatula-pro-bbq-la-maestra-de-la-parrilla\/#primaryimage","url":"https:\/\/cusaggia.es\/wp-content\/uploads\/2025\/06\/Leonardo_Vision_XL_Imagen_de_una_esptula_robusta_y_metlica_dis_0.jpg","contentUrl":"https:\/\/cusaggia.es\/wp-content\/uploads\/2025\/06\/Leonardo_Vision_XL_Imagen_de_una_esptula_robusta_y_metlica_dis_0.jpg","width":1792,"height":1456},{"@type":"BreadcrumbList","@id":"https:\/\/cusaggia.es\/en\/producto\/super-espatula-pro-bbq-la-maestra-de-la-parrilla\/#breadcrumb","itemListElement":[{"@type":"ListItem","position":1,"name":"Portada","item":"https:\/\/cusaggia.es\/en\/"},{"@type":"ListItem","position":2,"name":"Tienda","item":"https:\/\/cusaggia.es\/en\/tienda\/"},{"@type":"ListItem","position":3,"name":"S\u00faper Esp\u00e1tula Pro BBQ &#8211; La Maestra de la Parrilla"}]},{"@type":"WebSite","@id":"https:\/\/cusaggia.es\/en\/#website","url":"https:\/\/cusaggia.es\/en\/","name":"Cusaggia","description":"","publisher":{"@id":"https:\/\/cusaggia.es\/en\/#organization"},"potentialAction":[{"@type":"SearchAction","target":{"@type":"EntryPoint","urlTemplate":"https:\/\/cusaggia.es\/en\/?s={search_term_string}"},"query-input":{"@type":"PropertyValueSpecification","valueRequired":true,"valueName":"search_term_string"}}],"inLanguage":"en-US"},{"@type":"Organization","@id":"https:\/\/cusaggia.es\/en\/#organization","name":"Cusaggia","url":"https:\/\/cusaggia.es\/en\/","logo":{"@type":"ImageObject","inLanguage":"en-US","@id":"https:\/\/cusaggia.es\/en\/#\/schema\/logo\/image\/","url":"https:\/\/cusaggia.es\/wp-content\/uploads\/2025\/06\/68403ffbc0f12_cussagia-palabra-con-redondel-color.png","contentUrl":"https:\/\/cusaggia.es\/wp-content\/uploads\/2025\/06\/68403ffbc0f12_cussagia-palabra-con-redondel-color.png","width":800,"height":800,"caption":"Cusaggia"},"image":{"@id":"https:\/\/cusaggia.es\/en\/#\/schema\/logo\/image\/"}}]}},"_links":{"self":[{"href":"https:\/\/cusaggia.es\/en\/wp-json\/wp\/v2\/product\/663","targetHints":{"allow":["GET"]}}],"collection":[{"href":"https:\/\/cusaggia.es\/en\/wp-json\/wp\/v2\/product"}],"about":[{"href":"https:\/\/cusaggia.es\/en\/wp-json\/wp\/v2\/types\/product"}],"replies":[{"embeddable":true,"href":"https:\/\/cusaggia.es\/en\/wp-json\/wp\/v2\/comments?post=663"}],"wp:featuredmedia":[{"embeddable":true,"href":"https:\/\/cusaggia.es\/en\/wp-json\/wp\/v2\/media\/560"}],"wp:attachment":[{"href":"https:\/\/cusaggia.es\/en\/wp-json\/wp\/v2\/media?parent=663"}],"wp:term":[{"taxonomy":"marca","embeddable":true,"href":"https:\/\/cusaggia.es\/en\/wp-json\/wp\/v2\/marca?post=663"},{"taxonomy":"product_brand","embeddable":true,"href":"https:\/\/cusaggia.es\/en\/wp-json\/wp\/v2\/product_brand?post=663"},{"taxonomy":"product_cat","embeddable":true,"href":"https:\/\/cusaggia.es\/en\/wp-json\/wp\/v2\/product_cat?post=663"},{"taxonomy":"product_tag","embeddable":true,"href":"https:\/\/cusaggia.es\/en\/wp-json\/wp\/v2\/product_tag?post=663"}],"curies":[{"name":"wp","href":"https:\/\/api.w.org\/{rel}","templated":true}]}}