{"id":698,"date":"2025-06-05T09:52:16","date_gmt":"2025-06-05T09:52:16","guid":{"rendered":"https:\/\/cusaggia.es\/producto\/espatula-pro-bbq-chef-cusaggia\/"},"modified":"2025-06-14T04:23:58","modified_gmt":"2025-06-14T04:23:58","slug":"espatula-pro-bbq-chef-cusaggia","status":"publish","type":"product","link":"https:\/\/cusaggia.es\/de\/producto\/espatula-pro-bbq-chef-cusaggia\/","title":{"rendered":"Esp\u00e1tula Pro BBQ Chef Cusaggia"},"content":{"rendered":"<p>Esp\u00e1tula de alta calidad ideal para hamburguesas y barbacoas. Dise\u00f1ada para uso profesional y en el hogar.<\/p>\n","protected":false},"excerpt":{"rendered":"<p>Esp\u00e1tula premium para barbacoas y hamburguesas en casa.<\/p>\n","protected":false},"featured_media":378,"comment_status":"open","ping_status":"closed","template":"","meta":{"_acf_changed":false,"iawp_total_views":0},"marca":[57],"product_brand":[],"product_cat":[114,115],"product_tag":[116,118,120],"class_list":{"0":"post-698","1":"product","2":"type-product","3":"status-publish","4":"has-post-thumbnail","6":"marca-cusaggia","7":"product_cat-barbacoa-de","8":"product_cat-cocina-de","9":"product_tag-barbacoa-de","10":"product_tag-hamburguesas-de","11":"product_tag-utensilios-de","13":"first","14":"instock","15":"sale","16":"shipping-taxable","17":"purchasable","18":"product-type-simple"},"acf":[],"yoast_head":"<!-- This site is optimized with the Yoast SEO plugin v27.4 - https:\/\/yoast.com\/product\/yoast-seo-wordpress\/ -->\n<title>Esp\u00e1tula Pro BBQ Chef Cusaggia - Cusaggia<\/title>\n<meta name=\"robots\" content=\"index, follow, max-snippet:-1, max-image-preview:large, max-video-preview:-1\" \/>\n<link rel=\"canonical\" href=\"https:\/\/cusaggia.es\/de\/producto\/espatula-pro-bbq-chef-cusaggia\/\" \/>\n<meta property=\"og:locale\" content=\"de_DE\" \/>\n<meta property=\"og:type\" content=\"article\" \/>\n<meta property=\"og:title\" content=\"Esp\u00e1tula Pro BBQ Chef Cusaggia - Cusaggia\" \/>\n<meta property=\"og:description\" content=\"Esp\u00e1tula premium para barbacoas y hamburguesas en casa.\" \/>\n<meta property=\"og:url\" content=\"https:\/\/cusaggia.es\/de\/producto\/espatula-pro-bbq-chef-cusaggia\/\" \/>\n<meta property=\"og:site_name\" content=\"Cusaggia\" \/>\n<meta property=\"article:modified_time\" content=\"2025-06-14T04:23:58+00:00\" \/>\n<meta name=\"twitter:card\" content=\"summary_large_image\" \/>\n<!-- \/ Yoast SEO plugin. -->","yoast_head_json":{"title":"Esp\u00e1tula Pro BBQ Chef Cusaggia - Cusaggia","robots":{"index":"index","follow":"follow","max-snippet":"max-snippet:-1","max-image-preview":"max-image-preview:large","max-video-preview":"max-video-preview:-1"},"canonical":"https:\/\/cusaggia.es\/de\/producto\/espatula-pro-bbq-chef-cusaggia\/","og_locale":"de_DE","og_type":"article","og_title":"Esp\u00e1tula Pro BBQ Chef Cusaggia - Cusaggia","og_description":"Esp\u00e1tula premium para barbacoas y hamburguesas en casa.","og_url":"https:\/\/cusaggia.es\/de\/producto\/espatula-pro-bbq-chef-cusaggia\/","og_site_name":"Cusaggia","article_modified_time":"2025-06-14T04:23:58+00:00","twitter_card":"summary_large_image","schema":{"@context":"https:\/\/schema.org","@graph":[{"@type":"WebPage","@id":"https:\/\/cusaggia.es\/de\/producto\/espatula-pro-bbq-chef-cusaggia\/","url":"https:\/\/cusaggia.es\/de\/producto\/espatula-pro-bbq-chef-cusaggia\/","name":"Esp\u00e1tula Pro BBQ Chef Cusaggia - Cusaggia","isPartOf":{"@id":"https:\/\/cusaggia.es\/de\/#website"},"primaryImageOfPage":{"@id":"https:\/\/cusaggia.es\/de\/producto\/espatula-pro-bbq-chef-cusaggia\/#primaryimage"},"image":{"@id":"https:\/\/cusaggia.es\/de\/producto\/espatula-pro-bbq-chef-cusaggia\/#primaryimage"},"thumbnailUrl":"https:\/\/cusaggia.es\/wp-content\/uploads\/2025\/06\/Leonardo_Vision_XL_Imagen_de_una_esptula_de_alta_calidad_sobre_0.jpg","datePublished":"2025-06-05T09:52:16+00:00","dateModified":"2025-06-14T04:23:58+00:00","breadcrumb":{"@id":"https:\/\/cusaggia.es\/de\/producto\/espatula-pro-bbq-chef-cusaggia\/#breadcrumb"},"inLanguage":"de","potentialAction":[{"@type":"ReadAction","target":["https:\/\/cusaggia.es\/de\/producto\/espatula-pro-bbq-chef-cusaggia\/"]}]},{"@type":"ImageObject","inLanguage":"de","@id":"https:\/\/cusaggia.es\/de\/producto\/espatula-pro-bbq-chef-cusaggia\/#primaryimage","url":"https:\/\/cusaggia.es\/wp-content\/uploads\/2025\/06\/Leonardo_Vision_XL_Imagen_de_una_esptula_de_alta_calidad_sobre_0.jpg","contentUrl":"https:\/\/cusaggia.es\/wp-content\/uploads\/2025\/06\/Leonardo_Vision_XL_Imagen_de_una_esptula_de_alta_calidad_sobre_0.jpg","width":1792,"height":1456},{"@type":"BreadcrumbList","@id":"https:\/\/cusaggia.es\/de\/producto\/espatula-pro-bbq-chef-cusaggia\/#breadcrumb","itemListElement":[{"@type":"ListItem","position":1,"name":"Portada","item":"https:\/\/cusaggia.es\/de\/"},{"@type":"ListItem","position":2,"name":"Tienda","item":"https:\/\/cusaggia.es\/de\/tienda\/"},{"@type":"ListItem","position":3,"name":"Esp\u00e1tula Pro BBQ Chef Cusaggia"}]},{"@type":"WebSite","@id":"https:\/\/cusaggia.es\/de\/#website","url":"https:\/\/cusaggia.es\/de\/","name":"Cusaggia","description":"","publisher":{"@id":"https:\/\/cusaggia.es\/de\/#organization"},"potentialAction":[{"@type":"SearchAction","target":{"@type":"EntryPoint","urlTemplate":"https:\/\/cusaggia.es\/de\/?s={search_term_string}"},"query-input":{"@type":"PropertyValueSpecification","valueRequired":true,"valueName":"search_term_string"}}],"inLanguage":"de"},{"@type":"Organization","@id":"https:\/\/cusaggia.es\/de\/#organization","name":"Cusaggia","url":"https:\/\/cusaggia.es\/de\/","logo":{"@type":"ImageObject","inLanguage":"de","@id":"https:\/\/cusaggia.es\/de\/#\/schema\/logo\/image\/","url":"https:\/\/cusaggia.es\/wp-content\/uploads\/2025\/06\/68403ffbc0f12_cussagia-palabra-con-redondel-color.png","contentUrl":"https:\/\/cusaggia.es\/wp-content\/uploads\/2025\/06\/68403ffbc0f12_cussagia-palabra-con-redondel-color.png","width":800,"height":800,"caption":"Cusaggia"},"image":{"@id":"https:\/\/cusaggia.es\/de\/#\/schema\/logo\/image\/"}}]}},"_links":{"self":[{"href":"https:\/\/cusaggia.es\/de\/wp-json\/wp\/v2\/product\/698","targetHints":{"allow":["GET"]}}],"collection":[{"href":"https:\/\/cusaggia.es\/de\/wp-json\/wp\/v2\/product"}],"about":[{"href":"https:\/\/cusaggia.es\/de\/wp-json\/wp\/v2\/types\/product"}],"replies":[{"embeddable":true,"href":"https:\/\/cusaggia.es\/de\/wp-json\/wp\/v2\/comments?post=698"}],"wp:featuredmedia":[{"embeddable":true,"href":"https:\/\/cusaggia.es\/de\/wp-json\/wp\/v2\/media\/378"}],"wp:attachment":[{"href":"https:\/\/cusaggia.es\/de\/wp-json\/wp\/v2\/media?parent=698"}],"wp:term":[{"taxonomy":"marca","embeddable":true,"href":"https:\/\/cusaggia.es\/de\/wp-json\/wp\/v2\/marca?post=698"},{"taxonomy":"product_brand","embeddable":true,"href":"https:\/\/cusaggia.es\/de\/wp-json\/wp\/v2\/product_brand?post=698"},{"taxonomy":"product_cat","embeddable":true,"href":"https:\/\/cusaggia.es\/de\/wp-json\/wp\/v2\/product_cat?post=698"},{"taxonomy":"product_tag","embeddable":true,"href":"https:\/\/cusaggia.es\/de\/wp-json\/wp\/v2\/product_tag?post=698"}],"curies":[{"name":"wp","href":"https:\/\/api.w.org\/{rel}","templated":true}]}}