{"id":695,"date":"2025-06-05T09:55:07","date_gmt":"2025-06-05T09:55:07","guid":{"rendered":"https:\/\/cusaggia.es\/producto\/espatula-grillamaster-bbq\/"},"modified":"2025-06-14T08:14:41","modified_gmt":"2025-06-14T08:14:41","slug":"espatula-grillamaster-bbq","status":"publish","type":"product","link":"https:\/\/cusaggia.es\/de\/producto\/espatula-grillamaster-bbq\/","title":{"rendered":"Esp\u00e1tula GrillaMaster BBQ"},"content":{"rendered":"<p>Domina la barbacoa con nuestra Esp\u00e1tula GrillaMaster. Ideal para hamburgueser\u00edas y cocinas industriales.<\/p>\n","protected":false},"excerpt":{"rendered":"<p>Esp\u00e1tula GrillaMaster: perfecta para barbacoa y cocina profesional.<\/p>\n","protected":false},"featured_media":417,"comment_status":"open","ping_status":"closed","template":"","meta":{"_acf_changed":false,"iawp_total_views":0},"marca":[57,64],"product_brand":[],"product_cat":[114,115],"product_tag":[132,133,130],"class_list":{"0":"post-695","1":"product","2":"type-product","3":"status-publish","4":"has-post-thumbnail","6":"marca-cusaggia","7":"marca-grillamaster","8":"product_cat-barbacoa-de","9":"product_cat-cocina-de","10":"product_tag-acero-inoxidable-de","11":"product_tag-cocina-industrial-de","12":"product_tag-utensilios-bbq-de","14":"first","15":"instock","16":"sale","17":"shipping-taxable","18":"purchasable","19":"product-type-simple"},"acf":[],"yoast_head":"<!-- This site is optimized with the Yoast SEO plugin v27.4 - https:\/\/yoast.com\/product\/yoast-seo-wordpress\/ -->\n<title>Esp\u00e1tula GrillaMaster BBQ - Cusaggia<\/title>\n<meta name=\"robots\" content=\"index, follow, max-snippet:-1, max-image-preview:large, max-video-preview:-1\" \/>\n<link rel=\"canonical\" href=\"https:\/\/cusaggia.es\/de\/producto\/espatula-grillamaster-bbq\/\" \/>\n<meta property=\"og:locale\" content=\"de_DE\" \/>\n<meta property=\"og:type\" content=\"article\" \/>\n<meta property=\"og:title\" content=\"Esp\u00e1tula GrillaMaster BBQ - Cusaggia\" \/>\n<meta property=\"og:description\" content=\"Esp\u00e1tula GrillaMaster: perfecta para barbacoa y cocina profesional.\" \/>\n<meta property=\"og:url\" content=\"https:\/\/cusaggia.es\/de\/producto\/espatula-grillamaster-bbq\/\" \/>\n<meta property=\"og:site_name\" content=\"Cusaggia\" \/>\n<meta property=\"article:modified_time\" content=\"2025-06-14T08:14:41+00:00\" \/>\n<meta name=\"twitter:card\" content=\"summary_large_image\" \/>\n<!-- \/ Yoast SEO plugin. -->","yoast_head_json":{"title":"Esp\u00e1tula GrillaMaster BBQ - Cusaggia","robots":{"index":"index","follow":"follow","max-snippet":"max-snippet:-1","max-image-preview":"max-image-preview:large","max-video-preview":"max-video-preview:-1"},"canonical":"https:\/\/cusaggia.es\/de\/producto\/espatula-grillamaster-bbq\/","og_locale":"de_DE","og_type":"article","og_title":"Esp\u00e1tula GrillaMaster BBQ - Cusaggia","og_description":"Esp\u00e1tula GrillaMaster: perfecta para barbacoa y cocina profesional.","og_url":"https:\/\/cusaggia.es\/de\/producto\/espatula-grillamaster-bbq\/","og_site_name":"Cusaggia","article_modified_time":"2025-06-14T08:14:41+00:00","twitter_card":"summary_large_image","schema":{"@context":"https:\/\/schema.org","@graph":[{"@type":"WebPage","@id":"https:\/\/cusaggia.es\/de\/producto\/espatula-grillamaster-bbq\/","url":"https:\/\/cusaggia.es\/de\/producto\/espatula-grillamaster-bbq\/","name":"Esp\u00e1tula GrillaMaster BBQ - Cusaggia","isPartOf":{"@id":"https:\/\/cusaggia.es\/de\/#website"},"primaryImageOfPage":{"@id":"https:\/\/cusaggia.es\/de\/producto\/espatula-grillamaster-bbq\/#primaryimage"},"image":{"@id":"https:\/\/cusaggia.es\/de\/producto\/espatula-grillamaster-bbq\/#primaryimage"},"thumbnailUrl":"https:\/\/cusaggia.es\/wp-content\/uploads\/2025\/06\/Leonardo_Vision_XL_Ilustracin_de_una_esptula_de_acero_inoxidab_0.jpg","datePublished":"2025-06-05T09:55:07+00:00","dateModified":"2025-06-14T08:14:41+00:00","breadcrumb":{"@id":"https:\/\/cusaggia.es\/de\/producto\/espatula-grillamaster-bbq\/#breadcrumb"},"inLanguage":"de","potentialAction":[{"@type":"ReadAction","target":["https:\/\/cusaggia.es\/de\/producto\/espatula-grillamaster-bbq\/"]}]},{"@type":"ImageObject","inLanguage":"de","@id":"https:\/\/cusaggia.es\/de\/producto\/espatula-grillamaster-bbq\/#primaryimage","url":"https:\/\/cusaggia.es\/wp-content\/uploads\/2025\/06\/Leonardo_Vision_XL_Ilustracin_de_una_esptula_de_acero_inoxidab_0.jpg","contentUrl":"https:\/\/cusaggia.es\/wp-content\/uploads\/2025\/06\/Leonardo_Vision_XL_Ilustracin_de_una_esptula_de_acero_inoxidab_0.jpg","width":1792,"height":1456},{"@type":"BreadcrumbList","@id":"https:\/\/cusaggia.es\/de\/producto\/espatula-grillamaster-bbq\/#breadcrumb","itemListElement":[{"@type":"ListItem","position":1,"name":"Portada","item":"https:\/\/cusaggia.es\/de\/"},{"@type":"ListItem","position":2,"name":"Tienda","item":"https:\/\/cusaggia.es\/de\/tienda\/"},{"@type":"ListItem","position":3,"name":"Esp\u00e1tula GrillaMaster BBQ"}]},{"@type":"WebSite","@id":"https:\/\/cusaggia.es\/de\/#website","url":"https:\/\/cusaggia.es\/de\/","name":"Cusaggia","description":"","publisher":{"@id":"https:\/\/cusaggia.es\/de\/#organization"},"potentialAction":[{"@type":"SearchAction","target":{"@type":"EntryPoint","urlTemplate":"https:\/\/cusaggia.es\/de\/?s={search_term_string}"},"query-input":{"@type":"PropertyValueSpecification","valueRequired":true,"valueName":"search_term_string"}}],"inLanguage":"de"},{"@type":"Organization","@id":"https:\/\/cusaggia.es\/de\/#organization","name":"Cusaggia","url":"https:\/\/cusaggia.es\/de\/","logo":{"@type":"ImageObject","inLanguage":"de","@id":"https:\/\/cusaggia.es\/de\/#\/schema\/logo\/image\/","url":"https:\/\/cusaggia.es\/wp-content\/uploads\/2025\/06\/68403ffbc0f12_cussagia-palabra-con-redondel-color.png","contentUrl":"https:\/\/cusaggia.es\/wp-content\/uploads\/2025\/06\/68403ffbc0f12_cussagia-palabra-con-redondel-color.png","width":800,"height":800,"caption":"Cusaggia"},"image":{"@id":"https:\/\/cusaggia.es\/de\/#\/schema\/logo\/image\/"}}]}},"_links":{"self":[{"href":"https:\/\/cusaggia.es\/de\/wp-json\/wp\/v2\/product\/695","targetHints":{"allow":["GET"]}}],"collection":[{"href":"https:\/\/cusaggia.es\/de\/wp-json\/wp\/v2\/product"}],"about":[{"href":"https:\/\/cusaggia.es\/de\/wp-json\/wp\/v2\/types\/product"}],"replies":[{"embeddable":true,"href":"https:\/\/cusaggia.es\/de\/wp-json\/wp\/v2\/comments?post=695"}],"wp:featuredmedia":[{"embeddable":true,"href":"https:\/\/cusaggia.es\/de\/wp-json\/wp\/v2\/media\/417"}],"wp:attachment":[{"href":"https:\/\/cusaggia.es\/de\/wp-json\/wp\/v2\/media?parent=695"}],"wp:term":[{"taxonomy":"marca","embeddable":true,"href":"https:\/\/cusaggia.es\/de\/wp-json\/wp\/v2\/marca?post=695"},{"taxonomy":"product_brand","embeddable":true,"href":"https:\/\/cusaggia.es\/de\/wp-json\/wp\/v2\/product_brand?post=695"},{"taxonomy":"product_cat","embeddable":true,"href":"https:\/\/cusaggia.es\/de\/wp-json\/wp\/v2\/product_cat?post=695"},{"taxonomy":"product_tag","embeddable":true,"href":"https:\/\/cusaggia.es\/de\/wp-json\/wp\/v2\/product_tag?post=695"}],"curies":[{"name":"wp","href":"https:\/\/api.w.org\/{rel}","templated":true}]}}